{"id":218,"date":"2015-08-28T20:48:26","date_gmt":"2015-08-28T20:48:26","guid":{"rendered":"http:\/\/hellvik-il.no\/?page_id=218"},"modified":"2025-03-06T13:15:41","modified_gmt":"2025-03-06T12:15:41","slug":"antall-kamper-for-a-laget","status":"publish","type":"page","link":"https:\/\/hellvik-il.no\/?page_id=218","title":{"rendered":"Antall kamper for A-laget"},"content":{"rendered":"<p>Totalt <strong>316<\/strong> unike spillere har gjennom tidene spilt kamper for Hellvik sitt A-lag. 13 stykker nye denne sesongen.<\/p>\r\n<p>Her f\u00f8lger en liste over hvor mange kamper hver og \u00e9n har spilt.<\/p>\r\n<p>Lista g\u00e5r fra f\u00f8rste seriesesong i 1978 og fram til og med 2024-sesongen.<\/p>\r\n<p><strong>510 kamper &#8211; Inge Andreassen (bilde)<\/strong><\/p>\r\n<p><a href=\"http:\/\/hellvik-il.no\/wp-content\/uploads\/2015\/08\/Inge-Andreassen.jpg\"><img loading=\"lazy\" decoding=\"async\" class=\"alignnone size-medium wp-image-1424\" src=\"http:\/\/hellvik-il.no\/wp-content\/uploads\/2015\/08\/Inge-Andreassen-139x300.jpg\" alt=\"\" width=\"139\" height=\"300\" srcset=\"https:\/\/hellvik-il.no\/wp-content\/uploads\/2015\/08\/Inge-Andreassen-139x300.jpg 139w, https:\/\/hellvik-il.no\/wp-content\/uploads\/2015\/08\/Inge-Andreassen.jpg 153w\" sizes=\"auto, (max-width: 139px) 100vw, 139px\" \/><\/a><\/p>\r\n<p>478 kamper &#8211; Roy Larsen<\/p>\r\n<p>443 kamper &#8211; Torbj\u00f8rn Wetteland (2024)<\/p>\r\n<p><strong>391 kamper &#8211; Stig Larsen (bilde)<\/strong><\/p>\r\n<p><strong><a href=\"http:\/\/hellvik-il.no\/wp-content\/uploads\/2018\/11\/45202784_482967538778786_4683668759775281152_n.jpg\"><img loading=\"lazy\" decoding=\"async\" class=\"alignnone size-medium wp-image-1822\" src=\"http:\/\/hellvik-il.no\/wp-content\/uploads\/2018\/11\/45202784_482967538778786_4683668759775281152_n-300x225.jpg\" alt=\"\" width=\"300\" height=\"225\" srcset=\"https:\/\/hellvik-il.no\/wp-content\/uploads\/2018\/11\/45202784_482967538778786_4683668759775281152_n-300x225.jpg 300w, https:\/\/hellvik-il.no\/wp-content\/uploads\/2018\/11\/45202784_482967538778786_4683668759775281152_n-800x600.jpg 800w, https:\/\/hellvik-il.no\/wp-content\/uploads\/2018\/11\/45202784_482967538778786_4683668759775281152_n-768x576.jpg 768w, https:\/\/hellvik-il.no\/wp-content\/uploads\/2018\/11\/45202784_482967538778786_4683668759775281152_n-1024x768.jpg 1024w\" sizes=\"auto, (max-width: 300px) 100vw, 300px\" \/><\/a><\/strong><\/p>\r\n<p><strong>388 kamper &#8211; Arild S\u00e6stad (bilde)<\/strong><\/p>\r\n<p><a style=\"-webkit-user-drag: none; background-color: #ffffff; padding-right: 0px; padding-left: 0px; margin-right: 0px; margin-left: 0px; box-shadow: none; outline: none;\" href=\"http:\/\/hellvik-il.no\/wp-content\/uploads\/2015\/08\/Arild.jpg\"><img loading=\"lazy\" decoding=\"async\" class=\"size-medium wp-image-219 aligncenter\" style=\"-webkit-user-drag: none; display: inline-block; margin-bottom: -1ex;\" src=\"http:\/\/hellvik-il.no\/wp-content\/uploads\/2015\/08\/Arild-165x300.jpg\" alt=\"Bilde av nr.3 p\u00e5 lista, Arild S\u00e6stad.\" width=\"165\" height=\"300\" srcset=\"https:\/\/hellvik-il.no\/wp-content\/uploads\/2015\/08\/Arild-165x300.jpg 165w, https:\/\/hellvik-il.no\/wp-content\/uploads\/2015\/08\/Arild.jpg 528w\" sizes=\"auto, (max-width: 165px) 100vw, 165px\" \/><\/a><\/p>\r\n<p>380 kamper &#8211; Kim Wetteland-Sk\u00e5ra<\/p>\r\n<p>361 kamper &#8211; Torbj\u00f8rn Valdemarsen<\/p>\r\n<p>357 kamper &#8211; Vidar Magnus Gjengedal<\/p>\r\n<p>345 kamper &#8211; Henning Karlsen<\/p>\r\n<p>323 kamper &#8211; Eirik Dirdal (2024)<\/p>\r\n<p>307 kamper &#8211; John Audun Ege (2024)<\/p>\r\n<p>291 kamper &#8211; Svein Andreassen<\/p>\r\n<p>289 kamper &#8211; \u00d8ystein Aamodt<\/p>\r\n<p>274 kamper &#8211; Eirik Hadland<\/p>\r\n<p>266 kamper &#8211; Rino Andr\u00e9 Kolst\u00f8<\/p>\r\n<p>265 kamper &#8211; John Andreassen<\/p>\r\n<p>259 kamper &#8211; Svein B\u00f8rge Gjengedal<\/p>\r\n<p>256 kamper &#8211; Bent Johannesen<\/p>\r\n<p>234 kamper &#8211; Kurt Jarle Berntsen og Dag Einar Andreassen<\/p>\r\n<p>228 kamper &#8211; Helge Hovland og Daniel Mong (2024)<\/p>\r\n<p>227 kamper &#8211; Terje Mong og Atle Assersen<\/p>\r\n<p>223 kamper &#8211; Livar Valdemarsen<\/p>\r\n<p>218 kamper &#8211; Terje Sandve<\/p>\r\n<p>214 kamper &#8211; K\u00e5re Andr\u00e9 Netland<\/p>\r\n<p>203 kamper &#8211; Rino Pedersen<\/p>\r\n<p>188 kamper &#8211; Morten Mj\u00f8lhus<\/p>\r\n<p>186 kamper &#8211; Kai Mong, Tommy L\u00f8vbrekke<\/p>\r\n<p>182 kamper &#8211; Asle Haver<\/p>\r\n<p>178 kamper &#8211; Sindre Nyg\u00e5rd (2024)<\/p>\r\n<p>169 kamper &#8211; Kjetil Refsland-Urdal (2024)<\/p>\r\n<p>166 kamper &#8211; \u00c5ge Assersen<\/p>\r\n<p>165 kamper &#8211; Tor Gusdal<\/p>\r\n<p>163 kamper &#8211; Kjetil Kvalbein<\/p>\r\n<p>159 kamper &#8211; Audun Pedersen<\/p>\r\n<p>152 kamper &#8211; Tore Sk\u00e5ra<\/p>\r\n<p>149 kamper &#8211; Svein Harald Vigrestad<\/p>\r\n<p>142 kamper &#8211; Jarl Tore Valdemarsen<\/p>\r\n<p>139 kamper &#8211; Jan Tore Hovland og Marius Grastveit<\/p>\r\n<p>133 kamper &#8211; Gunnar I. Vold og Rune Kv\u00e5le<\/p>\r\n<p>127 kamper &#8211; Torfinn Tuen<\/p>\r\n<p>120 kamper &#8211; Trond Egeli<\/p>\r\n<p>119 kamper &#8211; Martin Hadland (2024)<\/p>\r\n<p>118 kamper &#8211; Thomas Mong<\/p>\r\n<p>114 kamper &#8211; K\u00e5re Ingvar Helland<\/p>\r\n<p>112 kamper &#8211; Ivar Vold<\/p>\r\n<p>105 kamper &#8211; Dag Arve Rasmussen og Henning \u00c5rstad<\/p>\r\n<p>103 kamper &#8211; Arne Jensen og \u00c5smund Andersen<\/p>\r\n<p>100 kamper &#8211; Kjell Inge Edland<\/p>\r\n<p>98 kamper &#8211; Magnar Vigrestad<\/p>\r\n<p>96 kamper &#8211; Ivar Henning Skadberg<\/p>\r\n<p>93 kamper &#8211; Nikolai Myklebust<\/p>\r\n<p>92 kamper &#8211; Tom Ove S\u00f8rdal<\/p>\r\n<p>89 kamper &#8211; Johnny Klausen<\/p>\r\n<p>86 kamper &#8211; Gerhard Nodland, K\u00e5re Vassvik<\/p>\r\n<p>85 kamper &#8211; Nikolai Mong Andreassen<\/p>\r\n<p>84 kamper &#8211; Per Morten Gravdal<\/p>\r\n<p>83 kamper &#8211; Knut Nyg\u00e5rd og Tommy Svendsen<\/p>\r\n<p>82 kamper &#8211; Terje Karlsen<\/p>\r\n<p>78 kamper &#8211; Halvor \u00d8sterman Thengs<\/p>\r\n<p>77 kamper &#8211; Ronny Rasmussen<\/p>\r\n<p>76 kamper &#8211; Charles Svendsen<\/p>\r\n<p>74 kamper &#8211; Ronny Larsen og Daniel Bendiksen<\/p>\r\n<p>73 kamper &#8211; Birhane Mehari Fisshaye<\/p>\r\n<p>72 kamper &#8211; Jahn Otto Waldeland<\/p>\r\n<p>68 kamper &#8211; Anders Dversnes<\/p>\r\n<p>67 kamper &#8211; Per Arne Ueland og Henning Assersen<\/p>\r\n<p>63 kamper &#8211; Bernt Schjetne og Audun Sviggum<\/p>\r\n<p>62 kamper &#8211; Arild Handeland og Jon Anders \u00d8stebr\u00f8d<\/p>\r\n<p>61 kamper &#8211; Odd Tore Olsen<\/p>\r\n<p>60 kamper &#8211; Bent Magne Andreassen<\/p>\r\n<p>58 kamper &#8211; Anders Gusdal, Bj\u00f8rn Olav Jondal og Sigbj\u00f8rn Hovland<\/p>\r\n<p>57 kamper &#8211; Tore Myklebust<\/p>\r\n<p>55 kamper &#8211; Mads Solli<\/p>\r\n<p>54 kamper &#8211; Einar Ragnvald L\u00f8yning<\/p>\r\n<p>53 kamper &#8211; Oddvar Waldeland og Daniel Tesfatsion (2024)<\/p>\r\n<p>52 kamper &#8211; Arne Geir Sannarnes, Henning L\u00f8vbrekke og Brian Thorsen<\/p>\r\n<p>50 kamper &#8211; Geir Baardsen og Alexander S\u00e6stad<\/p>\r\n<p>49 kamper &#8211; H\u00e5kon Valdemarsen, Roger Egebakken, Mads Aamodt og Stian Stensland (2024)<\/p>\r\n<p>48 kamper &#8211; Torbj\u00f8rn Vigrestad og Stian Hetland<\/p>\r\n<p>47 kamper &#8211; Endre Bernt Wetteland og Stefan Waland<\/p>\r\n<p>46 kamper &#8211; P\u00e5l Waland<\/p>\r\n<p>45 kamper &#8211; Kristian Vigrestad (2024)<\/p>\r\n<p>44 kamper &#8211; Jone Gjengedal og Espen Stornes<\/p>\r\n<p>43 kamper &#8211; Jason Makepeace<\/p>\r\n<p>40 kamper &#8211; Jan Petter Rasmussen og J\u00f8rgen Sigmo Dahle<\/p>\r\n<p>39 kamper &#8211; Morten Tuen<\/p>\r\n<p>37 kamper &#8211; Terje Liland og Kjetel Vatnamot<\/p>\r\n<p>36 kamper &#8211; Svein Egebakken<\/p>\r\n<p>35 kamper &#8211; P\u00e5l Lars Gjermestad og Runar Nodland<\/p>\r\n<p>34 kamper &#8211; Arne Jonas Arntsen<\/p>\r\n<p>33 kamper &#8211; Oddvin Vigrestad, Svein N\u00e6rem, Anders Nerg\u00e5rd og Jarle Vassvik<\/p>\r\n<p>32 kamper &#8211; Kjell Garpestad jr., Kim Gr\u00f8sfjeld og Allan Rasmussen<\/p>\r\n<p>31 kamper &#8211; Oddvar Remme og Tom Svendsen<\/p>\r\n<p>30 kamper &#8211; Ragnar S\u00e6stad og Kay Urdal<\/p>\r\n<p>29 kamper &#8211; Arne Helland, Roy Eliassen, Fartein Fluge og Tommy Tengesdal<\/p>\r\n<p>28 kamper &#8211; Jorge Bermudez og William Bowitz (2024)<\/p>\r\n<p>27 kamper &#8211; Frank Hellevik<\/p>\r\n<p>26 kamper &#8211; Cato Johansen, Karl Einar Svendsen og Jonas-Emil Hovland (2024)<\/p>\r\n<p>25 kamper &#8211; Sveinung Klippen, Ove Johannesen, Stian Tj\u00e5land og \u00d8ystein Flesvig Felle<\/p>\r\n<p>24 kamper &#8211; Ole Nedreb\u00f8<\/p>\r\n<p>23 kamper &#8211; Hans Petter Helland, Loyd Jone Andreassen, John A. H\u00e5land<\/p>\r\n<p>21 kamper &#8211; H\u00e5vard Gl\u00f8pstad, Roald Sleveland og Jonathan Egebakken (2024)<\/p>\r\n<p>20 kamper &#8211; Tor Rune Svendsen, Bernt Pedersen, Kjell \u00c5vendal, Kenneth Andersen, Stian Remme, Leif Midbr\u00f8d, Alf Magne Gjengedal, Sander Bilstad<\/p>\r\n<p>19 kamper &#8211; Robert T\u00f8nnesen, Tor Arne Nerg\u00e5rd og Evgenii Dudkin (2024)<\/p>\r\n<p>18 kamper &#8211; Henning Torgersen, Frank Brekke, Steffen Vasb\u00f8, Vidar Aamodt, Adrian Ege Helleren, Henning Valdemarsen (2024) og Steffen Helgeland (2024)<\/p>\r\n<p>17 kamper &#8211; Odd Steinar L\u00f8vbrekke, Olav Undheim, Jarle Mong og Vetle Remme (2024)<\/p>\r\n<p>16 kamper\u00a0 &#8211; John Ripland og Tinius Wetteland (2024)<\/p>\r\n<p>15 kamper &#8211; Jens Kristian Arntsen, Erik Lind\u00f8, Fredrik Bringsdal og Torstein Myklebust<\/p>\r\n<p>14 kamper &#8211; Helge Rasmussen, Peter Lubbert, Tom Roger Johnsen, Owe Andr\u00e9 Mikkelsen og Kessete Siym Beyene<\/p>\r\n<p>13 kamper &#8211; Leif Helland, Khalid Wiedswang og Matteus B\u00e5rdsen<\/p>\r\n<p>12 kamper &#8211; Kenneth Pedersen, \u00d8yvind S\u00e6levik, Kornelius Skrettingland, Emil Svendsen, Kristoffer Nyg\u00e5rd, Per-Ove Wilson Hansen og Kiebron Tesfu (2024)<\/p>\r\n<p>11 kamper &#8211; Harald Klippenberg, Espen Reis\u00e6nen, K\u00e5re Larsen, Kjetil Larsen, Johnny Egge, Torbj\u00f8rn Spande, Tommy Mikkelsen, Frode Stornes, Jesper August Carlsen Aase, Shakir Badsha, J\u00f8rgen Myklebust, Ahmad Mohsi og Niclas Alexander Kj\u00f8rmo (2024)<\/p>\r\n<p>10 kamper &#8211; Oddbj\u00f8rn Haver, Jarle Pedersen, Svein Jarle Helland, Kjell Ingve Nyg\u00e5rd, Anders Vik, Eirik Sviggum, Jone Johansen, Glenn Mo, Bj\u00f8rnar Jakobsen, Joakim Andreassen, Remi Gravdal, Steinar Fr\u00f8ytlog<\/p>\r\n<p>9 kamper &#8211; Andreas Larsen, H\u00e5var Hansen, Emil Litschutin Risb\u00f8l, Martin Mong Eide, Erik Duvan Nordvoll, Jonathan Makepeace, Anthony Aeimjongunt Nesv\u00e5g og Sondre Tollefsen (2024)<\/p>\r\n<p>8 kamper &#8211; Odd Vegar Ualand, Fredrik Nj\u00e5stad, Karsten \u00d8stebr\u00f8d, Johnny Berentsen, Terje Sandvik, Knut Slettebak, Tommy Gunvaldsen, Kristian J\u00f8rgensen, Frode Varhaug, Petter Johansen Skadberg (2024 og Johannes Netland (2024)<\/p>\r\n<p>7 kamper &#8211; Arild Strandberg Carlsen, Magnus Magnusson, Sverre Jostein Nevland, Karl Ernst Karlsen, Tommy Bolstad, K\u00e5re Myklebust, Jesper Karlsen, Matias Leidland L\u00f8yning, William Sk\u00e5ra og Georg Omdal S\u00f8rensen (2024)<\/p>\r\n<p>6 kamper &#8211; Rune Karlsen, Espen Sletteb\u00f8, Reidar St\u00f8len, Svein Gunnar Hetland, Lian Hmun Ceu, William Takvam, Jakub Jan Rysiewicz (2024) og Fredrik Mortensen (2024)<\/p>\r\n<p>5 kamper &#8211; \u00d8yvind Sk\u00e5ra, H\u00e5vard Hellvik, Rolf Egebakken, James Makepeace, Arild Johnsen, Ole Jakob Nodland, Ronny Myklebust, Marinius Lilleaas Maasbach, Sigmund Stapnes Hunnestad, Truls Henriksen Gyland og Jonathan \u00c5se-Melhus (2024)<\/p>\r\n<p>4 kamper &#8211; Tron Ivar Ueland, Sigbj\u00f8rn Handeland, Cato Svendsen, Magne Arnestad, Espen Ueland, Kristian S\u00e6stad Bakken, J\u00f8rgen St\u00f8ylen, Firas Yahia Ismail, Alongklod Matree, Sami Bahta. Adrian Lindgaard (2024), William Christensen Lomeland (2024) og Morten Nodland (2024)<\/p>\r\n<p>3 kamper &#8211; Jarl Sverre Grastveit, Kjell Vidar Nyg\u00e5rd, J\u00f8rgen Kvilhaug Tuen, Mustafa Hussaini, Jean Christian Morana og Kristoffer Mortensen (2024)<\/p>\r\n<p>2 kamper &#8211; Jan H. Gustavsen, Kenneth Joa, Tiemen Post, Geir Undheim, Ahmad Adan, Sebastian Larsen og Endre Hetland (2024)<\/p>\r\n<p>1 kamp &#8211; Daniel Christensen, Svein Helge Hansen, Arne Undheim, Per M. Hansen, K\u00e5re Henriksen, Stig Nevland, Aslak Dirdal, Sjur Berntsen, Joakim Haaland, Egil Ege, Sigurd Petterson, Sven Bredesen, Hans P. Serigstad, \u00d8yvind Nern\u00e6s, Johnny Brekke, Bj\u00f8rn Arild Omdal, Ole-J\u00f8rgen Lundheim, Glenn Ueland, Frode Vinningland, Kai Ove Kv\u00e5le, \u00d8ystein Duus, Bilal Ali og Victor Armand<\/p>\r\n<p>Oppdatert 6.mars 2025, tall fra 2024-sesongen.<\/p>\r\n\r\n<p>&nbsp;<\/p>\r\n","protected":false},"excerpt":{"rendered":"<p>Totalt 316 unike spillere har gjennom tidene spilt kamper for Hellvik sitt A-lag. 13 stykker nye denne sesongen. Her f\u00f8lger en liste over hvor mange kamper hver og \u00e9n har spilt. Lista g\u00e5r fra f\u00f8rste seriesesong i 1978 og fram til og med 2024-sesongen. 510 kamper &#8211; Inge Andreassen (bilde) 478 kamper &#8211; Roy Larsen &hellip;<\/p>\n","protected":false},"author":3,"featured_media":1424,"parent":0,"menu_order":0,"comment_status":"closed","ping_status":"closed","template":"","meta":{"footnotes":""},"class_list":["post-218","page","type-page","status-publish","has-post-thumbnail",""],"_links":{"self":[{"href":"https:\/\/hellvik-il.no\/index.php?rest_route=\/wp\/v2\/pages\/218","targetHints":{"allow":["GET"]}}],"collection":[{"href":"https:\/\/hellvik-il.no\/index.php?rest_route=\/wp\/v2\/pages"}],"about":[{"href":"https:\/\/hellvik-il.no\/index.php?rest_route=\/wp\/v2\/types\/page"}],"author":[{"embeddable":true,"href":"https:\/\/hellvik-il.no\/index.php?rest_route=\/wp\/v2\/users\/3"}],"replies":[{"embeddable":true,"href":"https:\/\/hellvik-il.no\/index.php?rest_route=%2Fwp%2Fv2%2Fcomments&post=218"}],"version-history":[{"count":18,"href":"https:\/\/hellvik-il.no\/index.php?rest_route=\/wp\/v2\/pages\/218\/revisions"}],"predecessor-version":[{"id":2292,"href":"https:\/\/hellvik-il.no\/index.php?rest_route=\/wp\/v2\/pages\/218\/revisions\/2292"}],"wp:featuredmedia":[{"embeddable":true,"href":"https:\/\/hellvik-il.no\/index.php?rest_route=\/wp\/v2\/media\/1424"}],"wp:attachment":[{"href":"https:\/\/hellvik-il.no\/index.php?rest_route=%2Fwp%2Fv2%2Fmedia&parent=218"}],"curies":[{"name":"wp","href":"https:\/\/api.w.org\/{rel}","templated":true}]}}