{"id":1621,"date":"2018-05-20T14:13:55","date_gmt":"2018-05-20T14:13:55","guid":{"rendered":"http:\/\/hellvik-il.no\/?page_id=1621"},"modified":"2023-04-30T20:42:34","modified_gmt":"2023-04-30T19:42:34","slug":"styret-2018","status":"publish","type":"page","link":"https:\/\/hellvik-il.no\/?page_id=1621","title":{"rendered":"Styret"},"content":{"rendered":"<p><a href=\"http:\/\/hellvik-il.no\/wp-content\/uploads\/2018\/05\/Berit.jpg\"><img loading=\"lazy\" decoding=\"async\" class=\"wp-image-1622 size-medium\" src=\"https:\/\/hellvik-il.no\/wp-content\/uploads\/2018\/05\/Berit-225x300.jpg\" alt=\"\" width=\"225\" height=\"300\" srcset=\"https:\/\/hellvik-il.no\/wp-content\/uploads\/2018\/05\/Berit-225x300.jpg 225w, https:\/\/hellvik-il.no\/wp-content\/uploads\/2018\/05\/Berit-450x600.jpg 450w, https:\/\/hellvik-il.no\/wp-content\/uploads\/2018\/05\/Berit-800x1067.jpg 800w, https:\/\/hellvik-il.no\/wp-content\/uploads\/2018\/05\/Berit-768x1024.jpg 768w, https:\/\/hellvik-il.no\/wp-content\/uploads\/2018\/05\/Berit.jpg 1536w\" sizes=\"auto, (max-width: 225px) 100vw, 225px\" \/><\/a><br \/>\n<strong>Leder<br \/>\n<\/strong>Berit Dirdal<br \/>\nMail: leder@hellvik-il.no<br \/>\nMobil: 402 22 124<\/p>\n<p>&nbsp;<\/p>\n<p><a href=\"http:\/\/hellvik-il.no\/wp-content\/uploads\/2018\/05\/Susanne.jpg\"><img loading=\"lazy\" decoding=\"async\" class=\"wp-image-1623 size-medium\" src=\"https:\/\/hellvik-il.no\/wp-content\/uploads\/2018\/05\/Susanne-225x300.jpg\" alt=\"\" width=\"225\" height=\"300\" srcset=\"https:\/\/hellvik-il.no\/wp-content\/uploads\/2018\/05\/Susanne-225x300.jpg 225w, https:\/\/hellvik-il.no\/wp-content\/uploads\/2018\/05\/Susanne-450x600.jpg 450w, https:\/\/hellvik-il.no\/wp-content\/uploads\/2018\/05\/Susanne-800x1067.jpg 800w, https:\/\/hellvik-il.no\/wp-content\/uploads\/2018\/05\/Susanne-768x1024.jpg 768w, https:\/\/hellvik-il.no\/wp-content\/uploads\/2018\/05\/Susanne.jpg 1536w\" sizes=\"auto, (max-width: 225px) 100vw, 225px\" \/><\/a><br \/>\n<strong>Kassere<\/strong><strong>r<br \/>\n<\/strong>Susanne Karlsson<br \/>\nMail: kasserer@hellvik-il.no<br \/>\nMobil: 959 02 529<\/p>\n<p>&nbsp;<\/p>\n<p><a href=\"http:\/\/hellvik-il.no\/wp-content\/uploads\/2018\/05\/Cecilie.jpg\"><img loading=\"lazy\" decoding=\"async\" class=\"wp-image-1624 size-medium\" src=\"https:\/\/hellvik-il.no\/wp-content\/uploads\/2018\/05\/Cecilie-225x300.jpg\" alt=\"\" width=\"225\" height=\"300\" srcset=\"https:\/\/hellvik-il.no\/wp-content\/uploads\/2018\/05\/Cecilie-225x300.jpg 225w, https:\/\/hellvik-il.no\/wp-content\/uploads\/2018\/05\/Cecilie-450x600.jpg 450w, https:\/\/hellvik-il.no\/wp-content\/uploads\/2018\/05\/Cecilie-800x1067.jpg 800w, https:\/\/hellvik-il.no\/wp-content\/uploads\/2018\/05\/Cecilie-768x1024.jpg 768w, https:\/\/hellvik-il.no\/wp-content\/uploads\/2018\/05\/Cecilie.jpg 1536w\" sizes=\"auto, (max-width: 225px) 100vw, 225px\" \/><\/a><br \/>\n<strong>Sekret\u00e6r<br \/>\n<\/strong>Cecilie Ege Helleren<br \/>\nMail: sekretaer@hellvik-il.no<br \/>\nMobil: 414 37 709<\/p>\n<p>&nbsp;<\/p>\n<div class=\"mceTemp\"><\/div>\n<p><a href=\"https:\/\/hellvik-il.no\/wp-content\/uploads\/2023\/01\/Kare-Vassvik.jpg\"><img loading=\"lazy\" decoding=\"async\" class=\"alignnone size-medium wp-image-2235\" src=\"https:\/\/hellvik-il.no\/wp-content\/uploads\/2023\/01\/Kare-Vassvik-225x300.jpg\" alt=\"\" width=\"225\" height=\"300\" srcset=\"https:\/\/hellvik-il.no\/wp-content\/uploads\/2023\/01\/Kare-Vassvik-225x300.jpg 225w, https:\/\/hellvik-il.no\/wp-content\/uploads\/2023\/01\/Kare-Vassvik-450x600.jpg 450w, https:\/\/hellvik-il.no\/wp-content\/uploads\/2023\/01\/Kare-Vassvik.jpg 600w\" sizes=\"auto, (max-width: 225px) 100vw, 225px\" \/><\/a><br \/>\n<strong>Leder Fotballavdeling<br \/>\n<\/strong>K\u00e5re Vassvik<br \/>\nMail: lederfotball@hellvik-il.no<br \/>\nMobil: 932 48 108<\/p>\n<p>&nbsp;<\/p>\n<p><a href=\"https:\/\/hellvik-il.no\/wp-content\/uploads\/2023\/01\/mari-Mjolhus.jpg\"><img loading=\"lazy\" decoding=\"async\" class=\"alignnone size-medium wp-image-2236\" src=\"https:\/\/hellvik-il.no\/wp-content\/uploads\/2023\/01\/mari-Mjolhus-225x300.jpg\" alt=\"\" width=\"225\" height=\"300\" srcset=\"https:\/\/hellvik-il.no\/wp-content\/uploads\/2023\/01\/mari-Mjolhus-225x300.jpg 225w, https:\/\/hellvik-il.no\/wp-content\/uploads\/2023\/01\/mari-Mjolhus-450x600.jpg 450w, https:\/\/hellvik-il.no\/wp-content\/uploads\/2023\/01\/mari-Mjolhus.jpg 600w\" sizes=\"auto, (max-width: 225px) 100vw, 225px\" \/><\/a><br \/>\n<strong>Leder H\u00e5ndballavdeling<br \/>\n<\/strong>Mari Mj\u00f8lhus<br \/>\nMail: lederhandball@hellvik-il.no<br \/>\nMobil: 97976322<\/p>\n<p>&nbsp;<\/p>\n<p>(Bilde mangler)<br \/>\n<strong>Leder Turnavdeling<br \/>\n<\/strong>Elin Pedersen Helleren<br \/>\nMail: turn@hellvik-il.no<br \/>\nMobil: 40232638<\/p>\n<p>&nbsp;<\/p>\n<p><a href=\"https:\/\/hellvik-il.no\/wp-content\/uploads\/2023\/01\/Lena-Makepeace.jpg\"><img loading=\"lazy\" decoding=\"async\" class=\"alignnone size-medium wp-image-2234\" src=\"https:\/\/hellvik-il.no\/wp-content\/uploads\/2023\/01\/Lena-Makepeace-225x300.jpg\" alt=\"\" width=\"225\" height=\"300\" srcset=\"https:\/\/hellvik-il.no\/wp-content\/uploads\/2023\/01\/Lena-Makepeace-225x300.jpg 225w, https:\/\/hellvik-il.no\/wp-content\/uploads\/2023\/01\/Lena-Makepeace-450x600.jpg 450w, https:\/\/hellvik-il.no\/wp-content\/uploads\/2023\/01\/Lena-Makepeace.jpg 600w\" sizes=\"auto, (max-width: 225px) 100vw, 225px\" \/><\/a><br \/>\n<strong>Leder Aktivitetsavdeling<br \/>\n<\/strong>Lena Makepeace<br \/>\nMail: aktivitet@hellvik-il.no<br \/>\nMobil: 95855794<\/p>\n<p>&nbsp;<\/p>\n<p><a href=\"https:\/\/hellvik-il.no\/wp-content\/uploads\/2023\/01\/Kim-Wetteland-Skara.jpg\"><img loading=\"lazy\" decoding=\"async\" class=\"alignnone size-medium wp-image-2233\" src=\"https:\/\/hellvik-il.no\/wp-content\/uploads\/2023\/01\/Kim-Wetteland-Skara-225x300.jpg\" alt=\"\" width=\"225\" height=\"300\" srcset=\"https:\/\/hellvik-il.no\/wp-content\/uploads\/2023\/01\/Kim-Wetteland-Skara-225x300.jpg 225w, https:\/\/hellvik-il.no\/wp-content\/uploads\/2023\/01\/Kim-Wetteland-Skara-450x600.jpg 450w, https:\/\/hellvik-il.no\/wp-content\/uploads\/2023\/01\/Kim-Wetteland-Skara.jpg 600w\" sizes=\"auto, (max-width: 225px) 100vw, 225px\" \/><\/a><br \/>\n<strong>Leder Finansavdeling<br \/>\n<\/strong>Kim Wetteland-Sk\u00e5ra<br \/>\nMail: sponsor@hellvik-il.no<br \/>\nMobil: 45026989<\/p>\n<p>&nbsp;<\/p>\n<p><a href=\"https:\/\/hellvik-il.no\/wp-content\/uploads\/2023\/01\/Kjetil-Refsland.jpg\"><img loading=\"lazy\" decoding=\"async\" class=\"alignnone size-medium wp-image-2232\" src=\"https:\/\/hellvik-il.no\/wp-content\/uploads\/2023\/01\/Kjetil-Refsland-225x300.jpg\" alt=\"\" width=\"225\" height=\"300\" srcset=\"https:\/\/hellvik-il.no\/wp-content\/uploads\/2023\/01\/Kjetil-Refsland-225x300.jpg 225w, https:\/\/hellvik-il.no\/wp-content\/uploads\/2023\/01\/Kjetil-Refsland-450x600.jpg 450w, https:\/\/hellvik-il.no\/wp-content\/uploads\/2023\/01\/Kjetil-Refsland.jpg 600w\" sizes=\"auto, (max-width: 225px) 100vw, 225px\" \/><\/a><br \/>\n<strong>Leder Hus og Anlegg<br \/>\n<\/strong>Kjetil Refsland-Urdal<br \/>\nMail: husoganlegg@hellvik-il.no<br \/>\nMobil: 48124338<\/p>\n","protected":false},"excerpt":{"rendered":"<p>Leder Berit Dirdal Mail: leder@hellvik-il.no Mobil: 402 22 124 &nbsp; Kasserer Susanne Karlsson Mail: kasserer@hellvik-il.no Mobil: 959 02 529 &nbsp; Sekret\u00e6r Cecilie Ege Helleren Mail: sekretaer@hellvik-il.no Mobil: 414 37 709 &nbsp; Leder Fotballavdeling K\u00e5re Vassvik Mail: lederfotball@hellvik-il.no Mobil: 932 48 108 &nbsp; Leder H\u00e5ndballavdeling Mari Mj\u00f8lhus Mail: lederhandball@hellvik-il.no Mobil: 97976322 &nbsp; (Bilde mangler) Leder Turnavdeling &hellip;<\/p>\n","protected":false},"author":3,"featured_media":0,"parent":0,"menu_order":0,"comment_status":"closed","ping_status":"closed","template":"","meta":{"footnotes":""},"class_list":["post-1621","page","type-page","status-publish",""],"_links":{"self":[{"href":"https:\/\/hellvik-il.no\/index.php?rest_route=\/wp\/v2\/pages\/1621","targetHints":{"allow":["GET"]}}],"collection":[{"href":"https:\/\/hellvik-il.no\/index.php?rest_route=\/wp\/v2\/pages"}],"about":[{"href":"https:\/\/hellvik-il.no\/index.php?rest_route=\/wp\/v2\/types\/page"}],"author":[{"embeddable":true,"href":"https:\/\/hellvik-il.no\/index.php?rest_route=\/wp\/v2\/users\/3"}],"replies":[{"embeddable":true,"href":"https:\/\/hellvik-il.no\/index.php?rest_route=%2Fwp%2Fv2%2Fcomments&post=1621"}],"version-history":[{"count":11,"href":"https:\/\/hellvik-il.no\/index.php?rest_route=\/wp\/v2\/pages\/1621\/revisions"}],"predecessor-version":[{"id":2272,"href":"https:\/\/hellvik-il.no\/index.php?rest_route=\/wp\/v2\/pages\/1621\/revisions\/2272"}],"wp:attachment":[{"href":"https:\/\/hellvik-il.no\/index.php?rest_route=%2Fwp%2Fv2%2Fmedia&parent=1621"}],"curies":[{"name":"wp","href":"https:\/\/api.w.org\/{rel}","templated":true}]}}