{"id":1313,"date":"2016-12-29T23:20:58","date_gmt":"2016-12-29T23:20:58","guid":{"rendered":"http:\/\/hellvik-il.no\/?page_id=1313"},"modified":"2023-10-31T21:18:47","modified_gmt":"2023-10-31T20:18:47","slug":"skaret-mal-i-flest-sesonger","status":"publish","type":"page","link":"https:\/\/hellvik-il.no\/?page_id=1313","title":{"rendered":"Sk\u00e5ret m\u00e5l i flest sesonger"},"content":{"rendered":"<p>Liste over de spillerne som har sk\u00e5ret i flest sesonger for A-laget. Her er det ikke tatt hensyn til at sesongene m\u00e5 v\u00e6re etterf\u00f8lgende, men totalt. Oppdatert etter 2023-sesongen.<\/p>\n<p>21 &#8211; Torbj\u00f8rn Wetteland (2023)<\/p>\n<p>18 \u2013 Inge Andreassen<\/p>\n<p>15 \u2013 Svein Andreassen og \u00d8ystein Aamodt (2023)<\/p>\n<p>14 &#8211; Stig Larsen og John Audun Ege (2023)<\/p>\n<p>13 \u2013 Arild S\u00e6stad, Torbj\u00f8rn Valdemarsen og Eirik Hadland<\/p>\n<p>12 \u2013 Roy Larsen, Atle Assersen og Eirik Dirdal<\/p>\n<p>11 \u2013 Tore Sk\u00e5ra<\/p>\n<p>10 &#8211; Dag Einar Andreassen<\/p>\n<p>9 \u2013 Henning Karlsen, Tommy L\u00f8vbrekke og Daniel Mong (2023)<\/p>\n<p>8 \u2013 Livar Valdemarsen, Vidar Magnus Gjengedal, Svein B\u00f8rge Gjengedal, John Andreassen, Helge Hovland, Kim Wetteland-Sk\u00e5ra, \u00c5smund Andersen, Asle Haver og Morten Mj\u00f8lhus<\/p>\n<p>Sist oppdatert: 31.oktober 2023<\/p>\n","protected":false},"excerpt":{"rendered":"<p>Liste over de spillerne som har sk\u00e5ret i flest sesonger for A-laget. Her er det ikke tatt hensyn til at sesongene m\u00e5 v\u00e6re etterf\u00f8lgende, men totalt. Oppdatert etter 2023-sesongen. 21 &#8211; Torbj\u00f8rn Wetteland (2023) 18 \u2013 Inge Andreassen 15 \u2013 Svein Andreassen og \u00d8ystein Aamodt (2023) 14 &#8211; Stig Larsen og John Audun Ege (2023) &hellip;<\/p>\n","protected":false},"author":3,"featured_media":0,"parent":0,"menu_order":0,"comment_status":"closed","ping_status":"closed","template":"","meta":{"footnotes":""},"class_list":["post-1313","page","type-page","status-publish",""],"_links":{"self":[{"href":"https:\/\/hellvik-il.no\/index.php?rest_route=\/wp\/v2\/pages\/1313","targetHints":{"allow":["GET"]}}],"collection":[{"href":"https:\/\/hellvik-il.no\/index.php?rest_route=\/wp\/v2\/pages"}],"about":[{"href":"https:\/\/hellvik-il.no\/index.php?rest_route=\/wp\/v2\/types\/page"}],"author":[{"embeddable":true,"href":"https:\/\/hellvik-il.no\/index.php?rest_route=\/wp\/v2\/users\/3"}],"replies":[{"embeddable":true,"href":"https:\/\/hellvik-il.no\/index.php?rest_route=%2Fwp%2Fv2%2Fcomments&post=1313"}],"version-history":[{"count":9,"href":"https:\/\/hellvik-il.no\/index.php?rest_route=\/wp\/v2\/pages\/1313\/revisions"}],"predecessor-version":[{"id":2284,"href":"https:\/\/hellvik-il.no\/index.php?rest_route=\/wp\/v2\/pages\/1313\/revisions\/2284"}],"wp:attachment":[{"href":"https:\/\/hellvik-il.no\/index.php?rest_route=%2Fwp%2Fv2%2Fmedia&parent=1313"}],"curies":[{"name":"wp","href":"https:\/\/api.w.org\/{rel}","templated":true}]}}